{"id":10,"date":"2018-01-12T14:48:10","date_gmt":"2018-01-12T13:48:10","guid":{"rendered":"http:\/\/www.becker-becker.de\/?page_id=10"},"modified":"2026-03-04T16:44:42","modified_gmt":"2026-03-04T15:44:42","slug":"startseite","status":"publish","type":"page","link":"https:\/\/www.becker-becker.de\/","title":{"rendered":"Startseite"},"content":{"rendered":"\t\t<div data-elementor-type=\"wp-post\" data-elementor-id=\"10\" class=\"elementor elementor-10\">\n\t\t\t\t\t\t<div class=\"elementor-inner\">\n\t\t\t\t<div class=\"elementor-section-wrap\">\n\t\t\t\t\t\t\t\t\t<section class=\"elementor-section elementor-top-section elementor-element elementor-element-fafc693 elementor-section-boxed elementor-section-height-default elementor-section-height-default\" data-id=\"fafc693\" data-element_type=\"section\">\n\t\t\t\t\t\t<div class=\"elementor-container elementor-column-gap-default\">\n\t\t\t\t\t\t\t<div class=\"elementor-row\">\n\t\t\t\t\t<div class=\"elementor-column elementor-col-100 elementor-top-column elementor-element elementor-element-fb7580f\" data-id=\"fb7580f\" data-element_type=\"column\">\n\t\t\t<div class=\"elementor-column-wrap elementor-element-populated\">\n\t\t\t\t\t\t\t<div class=\"elementor-widget-wrap\">\n\t\t\t\t\t\t<div class=\"elementor-element elementor-element-7f31526 elementor-widget elementor-widget-text-editor\" data-id=\"7f31526\" data-element_type=\"widget\" data-widget_type=\"text-editor.default\">\n\t\t\t\t<div class=\"elementor-widget-container\">\n\t\t\t\t\t\t\t\t<div class=\"elementor-text-editor elementor-clearfix\">\n\t\t\t\t<p>Rechtsanwaltskanzlei in Niedernhausen und Wetzlar f\u00fcr Arbeitsrecht, Familien- und Erbrecht, Verkehrsrecht, Zivilrecht, Verwaltungsrecht, Strafverteidigung.<\/p>\t\t\t\t\t<\/div>\n\t\t\t\t\t\t<\/div>\n\t\t\t\t<\/div>\n\t\t\t\t\t\t<\/div>\n\t\t\t\t\t<\/div>\n\t\t<\/div>\n\t\t\t\t\t\t\t\t<\/div>\n\t\t\t\t\t<\/div>\n\t\t<\/section>\n\t\t\t\t<section class=\"elementor-section elementor-top-section elementor-element elementor-element-bda5b52 elementor-section-boxed elementor-section-height-default elementor-section-height-default\" data-id=\"bda5b52\" data-element_type=\"section\">\n\t\t\t\t\t\t<div class=\"elementor-container elementor-column-gap-default\">\n\t\t\t\t\t\t\t<div class=\"elementor-row\">\n\t\t\t\t\t<div class=\"elementor-column elementor-col-100 elementor-top-column elementor-element elementor-element-94aca30\" data-id=\"94aca30\" data-element_type=\"column\">\n\t\t\t<div class=\"elementor-column-wrap elementor-element-populated\">\n\t\t\t\t\t\t\t<div class=\"elementor-widget-wrap\">\n\t\t\t\t\t\t<div class=\"elementor-element elementor-element-a2a10da elementor-widget elementor-widget-text-editor\" data-id=\"a2a10da\" data-element_type=\"widget\" data-widget_type=\"text-editor.default\">\n\t\t\t\t<div class=\"elementor-widget-container\">\n\t\t\t\t\t\t\t\t<div class=\"elementor-text-editor elementor-clearfix\">\n\t\t\t\t<p style=\"text-align: justify;\">Herzlich willkommen! Wir begr\u00fcssen Sie auf den Internetseiten der Rechtsanwaltskanzlei Becker &amp; Becker. Seit 1989 begleiten wir unsere Mandanten bei ihren rechtlichen Problemstellungen und ihrem Beratungsbedarf. Dabei sind wir in den verschiedensten Bereichen des Zivilrechts ebenso t\u00e4tig, wie im \u00f6ffentlichen\/Verwaltungs-Recht und als Strafverteidiger. Wir unterhalten in einer \u00fcber\u00f6rtlichen Soziet\u00e4t B\u00fcrostandorte in 65527 Niedernhausen sowie in 35585 Wetzlar. Wenn Sie unmittelbar Kontakt zu uns aufnehmen wollen, k\u00f6nnen Sie dies hier per E-Mail tun:<\/p>\t\t\t\t\t<\/div>\n\t\t\t\t\t\t<\/div>\n\t\t\t\t<\/div>\n\t\t\t\t\t\t<\/div>\n\t\t\t\t\t<\/div>\n\t\t<\/div>\n\t\t\t\t\t\t\t\t<\/div>\n\t\t\t\t\t<\/div>\n\t\t<\/section>\n\t\t\t\t<section class=\"elementor-section elementor-top-section elementor-element elementor-element-af283bf elementor-section-boxed elementor-section-height-default elementor-section-height-default\" data-id=\"af283bf\" data-element_type=\"section\">\n\t\t\t\t\t\t<div class=\"elementor-container elementor-column-gap-default\">\n\t\t\t\t\t\t\t<div class=\"elementor-row\">\n\t\t\t\t\t<div class=\"elementor-column elementor-col-100 elementor-top-column elementor-element elementor-element-e6a2dee\" data-id=\"e6a2dee\" data-element_type=\"column\">\n\t\t\t<div class=\"elementor-column-wrap elementor-element-populated\">\n\t\t\t\t\t\t\t<div class=\"elementor-widget-wrap\">\n\t\t\t\t\t\t<div class=\"elementor-element elementor-element-5f4408b elementor-widget elementor-widget-toggle\" data-id=\"5f4408b\" data-element_type=\"widget\" data-widget_type=\"toggle.default\">\n\t\t\t\t<div class=\"elementor-widget-container\">\n\t\t\t\t\t<div class=\"elementor-toggle\" role=\"tablist\">\n\t\t\t\t\t\t\t<div class=\"elementor-toggle-item\">\n\t\t\t\t\t<div id=\"elementor-tab-title-9981\" class=\"elementor-tab-title\" data-tab=\"1\" role=\"tab\" aria-controls=\"elementor-tab-content-9981\" aria-expanded=\"false\">\n\t\t\t\t\t\t\t\t\t\t\t\t<span class=\"elementor-toggle-icon elementor-toggle-icon-left\" aria-hidden=\"true\">\n\t\t\t\t\t\t\t\t\t\t\t\t\t\t\t<i class=\"elementor-toggle-icon-closed fa fa-caret-right\"><\/i>\n\t\t\t\t\t\t\t\t<i class=\"elementor-toggle-icon-opened fa fa-caret-up\"><\/i>\n\t\t\t\t\t\t\t\t\t\t\t\t\t<\/span>\n\t\t\t\t\t\t\t\t\t\t\t\t<a href=\"\" class=\"elementor-toggle-title\">EMail-Kontakt Kanzlei Niedernhausen<\/a>\n\t\t\t\t\t<\/div>\n\n\t\t\t\t\t<div id=\"elementor-tab-content-9981\" class=\"elementor-tab-content elementor-clearfix\" data-tab=\"1\" role=\"tabpanel\" aria-labelledby=\"elementor-tab-title-9981\"><form id=\"vscf\" class=\"vscf-shortcode\" method=\"post\">\r\n\t<div class=\"form-group vscf-name-group\">\r\n\t\t<label for=\"vscf_name\" class=\"vscf-label\">Name <\/label>\r\n\t\t<input type=\"text\" name=\"vscf_name\" id=\"vscf_name\"  class=\"form-control\" placeholder=\"\" value=\"\" aria-required=\"true\" \/>\r\n\t\t\r\n\t<\/div>\r\n\t<div class=\"form-group vscf-email-group\">\r\n\t\t<label for=\"vscf_email\" class=\"vscf-label\">E-Mail <\/label>\r\n\t\t<input type=\"email\" name=\"vscf_email\" id=\"vscf_email\"  class=\"form-control\" placeholder=\"\" value=\"\" aria-required=\"true\" \/>\r\n\t\t\r\n\t<\/div>\r\n\t\r\n\t\t<div class=\"form-group vscf-subject-group\">\r\n\t\t\t<label for=\"vscf_subject\" class=\"vscf-label\">Betreff <\/label>\r\n\t\t\t<input type=\"text\" name=\"vscf_subject\" id=\"vscf_subject\"  class=\"form-control\" placeholder=\"\" value=\"\" aria-required=\"true\" \/>\r\n\t\t\t\r\n\t\t<\/div>\r\n\t\r\n\t\r\n\t\t<div class=\"form-group vscf-sum-group\">\r\n\t\t\t<label for=\"vscf_sum\" class=\"vscf-label\">9 + 9 =<\/label>\r\n\t\t\t<input type=\"text\" name=\"vscf_sum\" id=\"vscf_sum\"  class=\"form-control\" placeholder=\"\" value=\"\" aria-required=\"true\" \/>\r\n\t\t\t<input type=\"hidden\" name=\"vscf_sum_hidden\" id=\"vscf_sum_hidden\" value=\"OTI4NDkxNTUzNDk=\" \/>\r\n\t\t\t\r\n\t\t<\/div>\t\r\n\t\r\n\t<div class=\"form-group vscf-hide\">\r\n\t\t<label for=\"vscf_first_name\">Please ignore this field<\/label>\r\n\t\t<input type=\"text\" name=\"vscf_first_name\" id=\"vscf_first_name\" class=\"form-control\" tabindex=\"-1\" value=\"\" \/>\r\n\t<\/div>\r\n\t<div class=\"form-group vscf-hide\">\r\n\t\t<label for=\"vscf_last_name\">Please ignore this field<\/label>\r\n\t\t<input type=\"text\" name=\"vscf_last_name\" id=\"vscf_last_name\" class=\"form-control\" tabindex=\"-1\" value=\"\" \/>\r\n\t<\/div>\r\n\t<div class=\"form-group vscf-message-group\">\r\n\t\t<label for=\"vscf_message\" class=\"vscf-label\">Mitteilung <\/label>\r\n\t\t<textarea name=\"vscf_message\" id=\"vscf_message\" rows=\"10\"  class=\"form-control\" placeholder=\"\" aria-required=\"true\"><\/textarea>\r\n\t\t\r\n\t<\/div>\r\n\t<div class=\"form-group vscf-display-none\">\r\n\t\t<input type=\"hidden\" name=\"vscf_token\" id=\"vscf_token\" class=\"form-control\" value=\"MTc3NTU5NTI2MA==\" \/>\r\n\t<\/div>\r\n\t\r\n\t\t<div class=\"form-group vscf-privacy-group\">\r\n\t\t\t<input type=\"hidden\" name=\"vscf_privacy\" id=\"vscf_privacy_hidden\" value=\"no\" \/>\r\n\t\t\t<input type=\"checkbox\" name=\"vscf_privacy\" id=\"vscf_privacy\" class=\"custom-control-input\" value=\"yes\"  \/>\r\n\t\t\t<label for=\"vscf_privacy\">Ich bin damit einverstanden, dass diese Web-Site meine pers\u00f6nlichen Daten mit diesem Formular sammelt.<\/label>\r\n\t\t\t\r\n\t\t<\/div>\r\n\t\r\n\t<div class=\"form-group vscf-display-none\">\r\n\t\t<input type=\"hidden\" id=\"vscf_nonce\" name=\"vscf_nonce\" value=\"41296ad7de\" \/><input type=\"hidden\" name=\"_wp_http_referer\" value=\"\/index.php\/wp-json\/wp\/v2\/pages\/10\" \/>\r\n\t<\/div>\r\n\t<div class=\"form-group vscf-submit-group\">\r\n\t\t<button type=\"submit\" name=\"vscf_send\" id=\"vscf_send\" class=\"btn btn-primary\">Senden<\/button>\r\n\t<\/div>\r\n\t\r\n\t\r\n\t\r\n<\/form><\/div>\n\t\t\t\t<\/div>\n\t\t\t\t\t\t\t<div class=\"elementor-toggle-item\">\n\t\t\t\t\t<div id=\"elementor-tab-title-9982\" class=\"elementor-tab-title\" data-tab=\"2\" role=\"tab\" aria-controls=\"elementor-tab-content-9982\" aria-expanded=\"false\">\n\t\t\t\t\t\t\t\t\t\t\t\t<span class=\"elementor-toggle-icon elementor-toggle-icon-left\" aria-hidden=\"true\">\n\t\t\t\t\t\t\t\t\t\t\t\t\t\t\t<i class=\"elementor-toggle-icon-closed fa fa-caret-right\"><\/i>\n\t\t\t\t\t\t\t\t<i class=\"elementor-toggle-icon-opened fa fa-caret-up\"><\/i>\n\t\t\t\t\t\t\t\t\t\t\t\t\t<\/span>\n\t\t\t\t\t\t\t\t\t\t\t\t<a href=\"\" class=\"elementor-toggle-title\">EMail-Kontakt Kanzlei Wetzlar<\/a>\n\t\t\t\t\t<\/div>\n\n\t\t\t\t\t<div id=\"elementor-tab-content-9982\" class=\"elementor-tab-content elementor-clearfix\" data-tab=\"2\" role=\"tabpanel\" aria-labelledby=\"elementor-tab-title-9982\"><form id=\"vscf\" class=\"vscf-shortcode\" method=\"post\">\r\n\t<div class=\"form-group vscf-name-group\">\r\n\t\t<label for=\"vscf_name\" class=\"vscf-label\">Name <\/label>\r\n\t\t<input type=\"text\" name=\"vscf_name\" id=\"vscf_name\"  class=\"form-control\" placeholder=\"\" value=\"\" aria-required=\"true\" \/>\r\n\t\t\r\n\t<\/div>\r\n\t<div class=\"form-group vscf-email-group\">\r\n\t\t<label for=\"vscf_email\" class=\"vscf-label\">E-Mail <\/label>\r\n\t\t<input type=\"email\" name=\"vscf_email\" id=\"vscf_email\"  class=\"form-control\" placeholder=\"\" value=\"\" aria-required=\"true\" \/>\r\n\t\t\r\n\t<\/div>\r\n\t\r\n\t\t<div class=\"form-group vscf-subject-group\">\r\n\t\t\t<label for=\"vscf_subject\" class=\"vscf-label\">Betreff <\/label>\r\n\t\t\t<input type=\"text\" name=\"vscf_subject\" id=\"vscf_subject\"  class=\"form-control\" placeholder=\"\" value=\"\" aria-required=\"true\" \/>\r\n\t\t\t\r\n\t\t<\/div>\r\n\t\r\n\t\r\n\t\t<div class=\"form-group vscf-sum-group\">\r\n\t\t\t<label for=\"vscf_sum\" class=\"vscf-label\">7 + 5 =<\/label>\r\n\t\t\t<input type=\"text\" name=\"vscf_sum\" id=\"vscf_sum\"  class=\"form-control\" placeholder=\"\" value=\"\" aria-required=\"true\" \/>\r\n\t\t\t<input type=\"hidden\" name=\"vscf_sum_hidden\" id=\"vscf_sum_hidden\" value=\"NzE3NDgwNzY1NzE1\" \/>\r\n\t\t\t\r\n\t\t<\/div>\t\r\n\t\r\n\t<div class=\"form-group vscf-hide\">\r\n\t\t<label for=\"vscf_first_name\">Please ignore this field<\/label>\r\n\t\t<input type=\"text\" name=\"vscf_first_name\" id=\"vscf_first_name\" class=\"form-control\" tabindex=\"-1\" value=\"\" \/>\r\n\t<\/div>\r\n\t<div class=\"form-group vscf-hide\">\r\n\t\t<label for=\"vscf_last_name\">Please ignore this field<\/label>\r\n\t\t<input type=\"text\" name=\"vscf_last_name\" id=\"vscf_last_name\" class=\"form-control\" tabindex=\"-1\" value=\"\" \/>\r\n\t<\/div>\r\n\t<div class=\"form-group vscf-message-group\">\r\n\t\t<label for=\"vscf_message\" class=\"vscf-label\">Mitteilung <\/label>\r\n\t\t<textarea name=\"vscf_message\" id=\"vscf_message\" rows=\"10\"  class=\"form-control\" placeholder=\"\" aria-required=\"true\"><\/textarea>\r\n\t\t\r\n\t<\/div>\r\n\t<div class=\"form-group vscf-display-none\">\r\n\t\t<input type=\"hidden\" name=\"vscf_token\" id=\"vscf_token\" class=\"form-control\" value=\"MTc3NTU5NTI2MA==\" \/>\r\n\t<\/div>\r\n\t\r\n\t\t<div class=\"form-group vscf-privacy-group\">\r\n\t\t\t<input type=\"hidden\" name=\"vscf_privacy\" id=\"vscf_privacy_hidden\" value=\"no\" \/>\r\n\t\t\t<input type=\"checkbox\" name=\"vscf_privacy\" id=\"vscf_privacy\" class=\"custom-control-input\" value=\"yes\"  \/>\r\n\t\t\t<label for=\"vscf_privacy\">Ich bin damit einverstanden, dass diese Web-Site meine pers\u00f6nlichen Daten mit diesem Formular sammelt.<\/label>\r\n\t\t\t\r\n\t\t<\/div>\r\n\t\r\n\t<div class=\"form-group vscf-display-none\">\r\n\t\t<input type=\"hidden\" id=\"vscf_nonce\" name=\"vscf_nonce\" value=\"41296ad7de\" \/><input type=\"hidden\" name=\"_wp_http_referer\" value=\"\/index.php\/wp-json\/wp\/v2\/pages\/10\" \/>\r\n\t<\/div>\r\n\t<div class=\"form-group vscf-submit-group\">\r\n\t\t<button type=\"submit\" name=\"vscf_send\" id=\"vscf_send\" class=\"btn btn-primary\">Senden<\/button>\r\n\t<\/div>\r\n\t\r\n\t\r\n\t\r\n<\/form><\/div>\n\t\t\t\t<\/div>\n\t\t\t\t\t\t\t\t<\/div>\n\t\t\t\t<\/div>\n\t\t\t\t<\/div>\n\t\t\t\t\t\t<\/div>\n\t\t\t\t\t<\/div>\n\t\t<\/div>\n\t\t\t\t\t\t\t\t<\/div>\n\t\t\t\t\t<\/div>\n\t\t<\/section>\n\t\t\t\t<section class=\"elementor-section elementor-top-section elementor-element elementor-element-f470297 elementor-section-boxed elementor-section-height-default elementor-section-height-default\" data-id=\"f470297\" data-element_type=\"section\">\n\t\t\t\t\t\t<div class=\"elementor-container elementor-column-gap-default\">\n\t\t\t\t\t\t\t<div class=\"elementor-row\">\n\t\t\t\t\t<div class=\"elementor-column elementor-col-100 elementor-top-column elementor-element elementor-element-395a8dc\" data-id=\"395a8dc\" data-element_type=\"column\">\n\t\t\t<div class=\"elementor-column-wrap elementor-element-populated\">\n\t\t\t\t\t\t\t<div class=\"elementor-widget-wrap\">\n\t\t\t\t\t\t<div class=\"elementor-element elementor-element-3a203ea elementor-widget elementor-widget-text-editor\" data-id=\"3a203ea\" data-element_type=\"widget\" data-widget_type=\"text-editor.default\">\n\t\t\t\t<div class=\"elementor-widget-container\">\n\t\t\t\t\t\t\t\t<div class=\"elementor-text-editor elementor-clearfix\">\n\t\t\t\t<p align=\"justify\">Wenn Sie uns telefonisch erreichen m\u00f6chten, so tun Sie dies &#8211; abh\u00e4ngig vom Standort &#8211; am besten unter Nutzung der unten angegebenen Telefonnummern. Wenn Sie uns kurzfristig bevollm\u00e4chtigen wollen, finden Sie unter den Downloads das Formular f\u00fcr eine Vollmacht als PDF-Datei. Dar\u00fcber hinaus k\u00f6nnen Sie dort auch die Formulare f\u00fcr die Beantragung von Proze\u00dfkostenhilfe und Beratungshilfe als ausf\u00fcllbare PDF-Dateien herunterladen.<\/p>\t\t\t\t\t<\/div>\n\t\t\t\t\t\t<\/div>\n\t\t\t\t<\/div>\n\t\t\t\t\t\t<\/div>\n\t\t\t\t\t<\/div>\n\t\t<\/div>\n\t\t\t\t\t\t\t\t<\/div>\n\t\t\t\t\t<\/div>\n\t\t<\/section>\n\t\t\t\t<section class=\"elementor-section elementor-top-section elementor-element elementor-element-a80579a elementor-section-boxed elementor-section-height-default elementor-section-height-default\" data-id=\"a80579a\" data-element_type=\"section\">\n\t\t\t\t\t\t<div class=\"elementor-container elementor-column-gap-default\">\n\t\t\t\t\t\t\t<div class=\"elementor-row\">\n\t\t\t\t\t<div class=\"elementor-column elementor-col-100 elementor-top-column elementor-element elementor-element-d56f98a\" data-id=\"d56f98a\" data-element_type=\"column\">\n\t\t\t<div class=\"elementor-column-wrap elementor-element-populated\">\n\t\t\t\t\t\t\t<div class=\"elementor-widget-wrap\">\n\t\t\t\t\t\t<div class=\"elementor-element elementor-element-41aeb06 elementor-widget elementor-widget-toggle\" data-id=\"41aeb06\" data-element_type=\"widget\" data-widget_type=\"toggle.default\">\n\t\t\t\t<div class=\"elementor-widget-container\">\n\t\t\t\t\t<div class=\"elementor-toggle\" role=\"tablist\">\n\t\t\t\t\t\t\t<div class=\"elementor-toggle-item\">\n\t\t\t\t\t<div id=\"elementor-tab-title-6881\" class=\"elementor-tab-title\" data-tab=\"1\" role=\"tab\" aria-controls=\"elementor-tab-content-6881\" aria-expanded=\"false\">\n\t\t\t\t\t\t\t\t\t\t\t\t<span class=\"elementor-toggle-icon elementor-toggle-icon-left\" aria-hidden=\"true\">\n\t\t\t\t\t\t\t\t\t\t\t\t\t\t\t<i class=\"elementor-toggle-icon-closed fa fa-caret-right\"><\/i>\n\t\t\t\t\t\t\t\t<i class=\"elementor-toggle-icon-opened fa fa-caret-up\"><\/i>\n\t\t\t\t\t\t\t\t\t\t\t\t\t<\/span>\n\t\t\t\t\t\t\t\t\t\t\t\t<a href=\"\" class=\"elementor-toggle-title\">Becker & Becker Rechtsanw\u00e4lte Niedernhausen: 06127 - 2002<\/a>\n\t\t\t\t\t<\/div>\n\n\t\t\t\t\t<div id=\"elementor-tab-content-6881\" class=\"elementor-tab-content elementor-clearfix\" data-tab=\"1\" role=\"tabpanel\" aria-labelledby=\"elementor-tab-title-6881\"><p>Lenzhahner Weg 1 A<br \/>65527 Niedernhausen<br \/>Telefax 06127 &#8211; 967771<\/p><\/div>\n\t\t\t\t<\/div>\n\t\t\t\t\t\t\t<div class=\"elementor-toggle-item\">\n\t\t\t\t\t<div id=\"elementor-tab-title-6882\" class=\"elementor-tab-title\" data-tab=\"2\" role=\"tab\" aria-controls=\"elementor-tab-content-6882\" aria-expanded=\"false\">\n\t\t\t\t\t\t\t\t\t\t\t\t<span class=\"elementor-toggle-icon elementor-toggle-icon-left\" aria-hidden=\"true\">\n\t\t\t\t\t\t\t\t\t\t\t\t\t\t\t<i class=\"elementor-toggle-icon-closed fa fa-caret-right\"><\/i>\n\t\t\t\t\t\t\t\t<i class=\"elementor-toggle-icon-opened fa fa-caret-up\"><\/i>\n\t\t\t\t\t\t\t\t\t\t\t\t\t<\/span>\n\t\t\t\t\t\t\t\t\t\t\t\t<a href=\"\" class=\"elementor-toggle-title\">Becker & Becker Rechtsanw\u00e4lte Wetzlar: 06446 - 922245<\/a>\n\t\t\t\t\t<\/div>\n\n\t\t\t\t\t<div id=\"elementor-tab-content-6882\" class=\"elementor-tab-content elementor-clearfix\" data-tab=\"2\" role=\"tabpanel\" aria-labelledby=\"elementor-tab-title-6882\"><p>Am Hainberg 42<br \/>35585 Wetzlar<br \/>Telefax 06446 &#8211; 922454<\/p><\/div>\n\t\t\t\t<\/div>\n\t\t\t\t\t\t\t\t<\/div>\n\t\t\t\t<\/div>\n\t\t\t\t<\/div>\n\t\t\t\t\t\t<\/div>\n\t\t\t\t\t<\/div>\n\t\t<\/div>\n\t\t\t\t\t\t\t\t<\/div>\n\t\t\t\t\t<\/div>\n\t\t<\/section>\n\t\t\t\t\t\t\t\t\t<\/div>\n\t\t\t<\/div>\n\t\t\t\t\t<\/div>\n\t\t","protected":false},"excerpt":{"rendered":"<p>Rechtsanwaltskanzlei in Niedernhausen und Wetzlar f\u00fcr Arbeitsrecht, Familien- und Erbrecht, Verkehrsrecht, Zivilrecht, Verwaltungsrecht, Strafverteidigung. Herzlich willkommen! Wir begr\u00fcssen Sie auf den Internetseiten der Rechtsanwaltskanzlei Becker &amp; Becker. Seit 1989 begleiten wir unsere Mandanten bei ihren rechtlichen Problemstellungen und ihrem Beratungsbedarf. Dabei sind wir in den verschiedensten Bereichen des Zivilrechts ebenso t\u00e4tig, wie im \u00f6ffentlichen\/Verwaltungs-Recht und als Strafverteidiger. Wir unterhalten in<\/p>\n","protected":false},"author":1,"featured_media":0,"parent":0,"menu_order":1,"comment_status":"closed","ping_status":"closed","template":"","meta":[],"aioseo_notices":[],"_links":{"self":[{"href":"https:\/\/www.becker-becker.de\/index.php\/wp-json\/wp\/v2\/pages\/10"}],"collection":[{"href":"https:\/\/www.becker-becker.de\/index.php\/wp-json\/wp\/v2\/pages"}],"about":[{"href":"https:\/\/www.becker-becker.de\/index.php\/wp-json\/wp\/v2\/types\/page"}],"author":[{"embeddable":true,"href":"https:\/\/www.becker-becker.de\/index.php\/wp-json\/wp\/v2\/users\/1"}],"replies":[{"embeddable":true,"href":"https:\/\/www.becker-becker.de\/index.php\/wp-json\/wp\/v2\/comments?post=10"}],"version-history":[{"count":73,"href":"https:\/\/www.becker-becker.de\/index.php\/wp-json\/wp\/v2\/pages\/10\/revisions"}],"predecessor-version":[{"id":729,"href":"https:\/\/www.becker-becker.de\/index.php\/wp-json\/wp\/v2\/pages\/10\/revisions\/729"}],"wp:attachment":[{"href":"https:\/\/www.becker-becker.de\/index.php\/wp-json\/wp\/v2\/media?parent=10"}],"curies":[{"name":"wp","href":"https:\/\/api.w.org\/{rel}","templated":true}]}}