{"id":300,"date":"2018-01-18T23:56:12","date_gmt":"2018-01-18T22:56:12","guid":{"rendered":"http:\/\/www.becker-becker.de\/?page_id=300"},"modified":"2018-01-21T15:59:06","modified_gmt":"2018-01-21T14:59:06","slug":"zivilrecht","status":"publish","type":"page","link":"https:\/\/www.becker-becker.de\/index.php\/zivilrecht\/","title":{"rendered":"Zivilrecht"},"content":{"rendered":"\t\t<div data-elementor-type=\"wp-post\" data-elementor-id=\"300\" class=\"elementor elementor-300 elementor-bc-flex-widget\">\n\t\t\t\t\t\t<div class=\"elementor-inner\">\n\t\t\t\t<div class=\"elementor-section-wrap\">\n\t\t\t\t\t\t\t\t\t<section class=\"elementor-section elementor-top-section elementor-element elementor-element-f89a485 elementor-section-full_width elementor-section-height-default elementor-section-height-default\" data-id=\"f89a485\" data-element_type=\"section\">\n\t\t\t\t\t\t<div class=\"elementor-container elementor-column-gap-default\">\n\t\t\t\t\t\t\t<div class=\"elementor-row\">\n\t\t\t\t\t<div class=\"elementor-column elementor-col-50 elementor-top-column elementor-element elementor-element-dea1872\" data-id=\"dea1872\" data-element_type=\"column\">\n\t\t\t<div class=\"elementor-column-wrap elementor-element-populated\">\n\t\t\t\t\t\t\t<div class=\"elementor-widget-wrap\">\n\t\t\t\t\t\t<div class=\"elementor-element elementor-element-a4e148b elementor-widget elementor-widget-text-editor\" data-id=\"a4e148b\" data-element_type=\"widget\" data-widget_type=\"text-editor.default\">\n\t\t\t\t<div class=\"elementor-widget-container\">\n\t\t\t\t\t\t\t\t<div class=\"elementor-text-editor elementor-clearfix\">\n\t\t\t\t<div class=\"elementor-widget-container\"><div class=\"elementor-text-editor elementor-clearfix elementor-inline-editing\" data-elementor-setting-key=\"editor\" data-elementor-inline-editing-toolbar=\"advanced\"><p>Die Mehrzahl der von uns bearbeiteten Rechtssachen geh\u00f6rt zum weiten Feld des Zivilrechts. Was ist darunter eigentlich zu verstehen ?<\/p><p>Dabei geht es im Allgemeinsten um Auseindandersetzungen zwischen \u201ePrivaten\u201c. Damit ist nicht etwa gemeint, dass die Beteiligten Privatleute sein m\u00fcssen, vielmehr muss die Natur des Streits privat sein. Bei den zivilrechtlichen Mandaten geht es also um vertragliche Streitigkeiten, insbesondere Kaufrecht,\u00a0 Werkvertragsrecht, Mietrecht, dar\u00fcber hinaus Familien- und Erbsachen.<\/p><p>Eine zivilrechtliche Streitigkeit kann aber auch durch einen Verkehrsunfall oder infolge Unachtsamkeit verursachter Sch\u00e4den entstehen. In diesem Fall dreht es sich um die Geltendmachung und Durchsetzung von Schadensersatzanspr\u00fcchen gegen den Unfall- oder Schadensverursacher und dessen Haftpflichtversicherung wegen der Sach- und Verm\u00f6genssch\u00e4den und leider auch immer wieder wegen der aufgetretenen Verletzungen.<\/p><p>Die zivilrechtliche Auseinandersetzung kann schliesslich auch die Begleiterscheinung einer Straftat sein, etwa, wenn durch K\u00f6rperverletzung, Betrug oder Diebstahl Gesch\u00e4digte ihre Anspr\u00fcche wegen Schmerzensgeld oder seines verletzten Eigentums oder Verm\u00f6gens durchsetzen m\u00fcssen.<\/p><p>Im weiteren Sinn zum Zivilrecht geh\u00f6ren auch die Auseinandersetzungen, die im Zusammenhang mit einem Arbeitsverh\u00e4ltnis entstehen.<\/p><p>Wir \u00fcbernehmen im Bereich des Zivilrechts sowohl aussergerichtliche, als auch gerichtliche Mandate\u00a0 und f\u00fchren Beratungen durch. Wir vertreten die Parteien von Arbeitsvertr\u00e4gen bei arbeitsrechtlichen Auseinandersetzungen, Beteiligte an Verkehrsunf\u00e4llen wegen ihrer Anspr\u00fcche. Au\u00dferdem bearbeiten wir die Anspr\u00fcche in Arzthaftpflichtf\u00e4llen sowie Anspr\u00fcche aus dem Urheberrecht.<\/p><\/div><\/div><div class=\"elementor-element-overlay\">\u00a0<\/div><div class=\"elementor-background-video-container elementor-hidden-phone\" style=\"top: 57px; left: 979px;\"><video class=\"elementor-background-video-hosted\" autoplay=\"autoplay\" loop=\"loop\" muted=\"muted\" controls=\"controls\" width=\"300\" height=\"150\"><\/video><\/div><div class=\"elementor-element elementor-element-edit-mode elementor-element-dea1872 elementor-column elementor-top-column ui-resizable\" data-id=\"dea1872\" data-element_type=\"column\" data-col=\"50\" data-model-cid=\"c247\"><div class=\"elementor-element-overlay\">\u00a0<\/div><div class=\"elementor-column-wrap elementor-element-empty\"><div class=\"elementor-widget-wrap ui-sortable\"><div class=\"elementor-empty-view\"><div class=\"elementor-first-add\">\u00a0<\/div><\/div><\/div><\/div><\/div><div class=\"elementor-element-overlay\">\u00a0<\/div><div class=\"elementor-column-wrap elementor-element-empty\"><div class=\"elementor-widget-wrap ui-sortable\"><div class=\"elementor-empty-view\"><div class=\"elementor-first-add\">\u00a0<\/div><\/div><\/div><\/div>\t\t\t\t\t<\/div>\n\t\t\t\t\t\t<\/div>\n\t\t\t\t<\/div>\n\t\t\t\t\t\t<\/div>\n\t\t\t\t\t<\/div>\n\t\t<\/div>\n\t\t\t\t<div class=\"elementor-column elementor-col-50 elementor-top-column elementor-element elementor-element-8352fb4\" data-id=\"8352fb4\" data-element_type=\"column\">\n\t\t\t<div class=\"elementor-column-wrap elementor-element-populated\">\n\t\t\t\t\t\t\t<div class=\"elementor-widget-wrap\">\n\t\t\t\t\t\t<div class=\"elementor-element elementor-element-ee1a4a4 elementor-widget elementor-widget-wp-widget-nav_menu\" data-id=\"ee1a4a4\" data-element_type=\"widget\" data-widget_type=\"wp-widget-nav_menu.default\">\n\t\t\t\t<div class=\"elementor-widget-container\">\n\t\t\t<div class=\"menu-rechtsgebiete-container\"><ul id=\"menu-rechtsgebiete\" class=\"menu\"><li id=\"menu-item-569\" class=\"menu-item menu-item-type-post_type menu-item-object-page menu-item-569\"><a href=\"https:\/\/www.becker-becker.de\/index.php\/zivilrecht\/\">Zivilrecht<\/a><\/li>\n<li id=\"menu-item-672\" class=\"menu-item menu-item-type-post_type menu-item-object-page menu-item-has-children menu-item-672\"><a href=\"https:\/\/www.becker-becker.de\/index.php\/arbeitsrecht\/\">Arbeitsrecht<\/a>\n<ul class=\"sub-menu\">\n\t<li id=\"menu-item-673\" class=\"menu-item menu-item-type-post_type menu-item-object-page menu-item-673\"><a href=\"https:\/\/www.becker-becker.de\/index.php\/kuendigung-kuendigungsschutz-abfindung\/\">K\u00fcndigung K\u00fcndigungsschutz Abfindung<\/a><\/li>\n<\/ul>\n<\/li>\n<li id=\"menu-item-568\" class=\"menu-item menu-item-type-post_type menu-item-object-page menu-item-568\"><a href=\"https:\/\/www.becker-becker.de\/index.php\/strafrecht\/\">Strafrecht<\/a><\/li>\n<li id=\"menu-item-567\" class=\"menu-item menu-item-type-post_type menu-item-object-page menu-item-567\"><a href=\"https:\/\/www.becker-becker.de\/index.php\/oeffentliches-recht\/\">\u00d6ffentliches Recht<\/a><\/li>\n<\/ul><\/div>\t\t<\/div>\n\t\t\t\t<\/div>\n\t\t\t\t\t\t<\/div>\n\t\t\t\t\t<\/div>\n\t\t<\/div>\n\t\t\t\t\t\t\t\t<\/div>\n\t\t\t\t\t<\/div>\n\t\t<\/section>\n\t\t\t\t\t\t\t\t\t<\/div>\n\t\t\t<\/div>\n\t\t\t\t\t<\/div>\n\t\t","protected":false},"excerpt":{"rendered":"<p>Die Mehrzahl der von uns bearbeiteten Rechtssachen geh\u00f6rt zum weiten Feld des Zivilrechts. Was ist darunter eigentlich zu verstehen ? Dabei geht es im Allgemeinsten um Auseindandersetzungen zwischen \u201ePrivaten\u201c. Damit ist nicht etwa gemeint, dass die Beteiligten Privatleute sein m\u00fcssen, vielmehr muss die Natur des Streits privat sein. Bei den zivilrechtlichen Mandaten geht es also um vertragliche Streitigkeiten, insbesondere Kaufrecht,\u00a0<\/p>\n","protected":false},"author":1,"featured_media":0,"parent":0,"menu_order":0,"comment_status":"closed","ping_status":"closed","template":"template-fullwidth.php","meta":[],"aioseo_notices":[],"_links":{"self":[{"href":"https:\/\/www.becker-becker.de\/index.php\/wp-json\/wp\/v2\/pages\/300"}],"collection":[{"href":"https:\/\/www.becker-becker.de\/index.php\/wp-json\/wp\/v2\/pages"}],"about":[{"href":"https:\/\/www.becker-becker.de\/index.php\/wp-json\/wp\/v2\/types\/page"}],"author":[{"embeddable":true,"href":"https:\/\/www.becker-becker.de\/index.php\/wp-json\/wp\/v2\/users\/1"}],"replies":[{"embeddable":true,"href":"https:\/\/www.becker-becker.de\/index.php\/wp-json\/wp\/v2\/comments?post=300"}],"version-history":[{"count":11,"href":"https:\/\/www.becker-becker.de\/index.php\/wp-json\/wp\/v2\/pages\/300\/revisions"}],"predecessor-version":[{"id":578,"href":"https:\/\/www.becker-becker.de\/index.php\/wp-json\/wp\/v2\/pages\/300\/revisions\/578"}],"wp:attachment":[{"href":"https:\/\/www.becker-becker.de\/index.php\/wp-json\/wp\/v2\/media?parent=300"}],"curies":[{"name":"wp","href":"https:\/\/api.w.org\/{rel}","templated":true}]}}