{"id":486,"date":"2018-01-19T15:38:48","date_gmt":"2018-01-19T14:38:48","guid":{"rendered":"http:\/\/www.becker-becker.de\/?page_id=486"},"modified":"2018-01-21T15:47:25","modified_gmt":"2018-01-21T14:47:25","slug":"kontakt-2","status":"publish","type":"page","link":"https:\/\/www.becker-becker.de\/index.php\/kontakt-2\/","title":{"rendered":"Kontakt"},"content":{"rendered":"\t\t<div data-elementor-type=\"wp-post\" data-elementor-id=\"486\" class=\"elementor elementor-486 elementor-bc-flex-widget\">\n\t\t\t\t\t\t<div class=\"elementor-inner\">\n\t\t\t\t<div class=\"elementor-section-wrap\">\n\t\t\t\t\t\t\t\t\t<section class=\"elementor-section elementor-top-section elementor-element elementor-element-571a1417 elementor-section-full_width elementor-section-height-default elementor-section-height-default\" data-id=\"571a1417\" data-element_type=\"section\">\n\t\t\t\t\t\t<div class=\"elementor-container elementor-column-gap-default\">\n\t\t\t\t\t\t\t<div class=\"elementor-row\">\n\t\t\t\t\t<div class=\"elementor-column elementor-col-50 elementor-top-column elementor-element elementor-element-41b7e008\" data-id=\"41b7e008\" data-element_type=\"column\">\n\t\t\t<div class=\"elementor-column-wrap elementor-element-populated\">\n\t\t\t\t\t\t\t<div class=\"elementor-widget-wrap\">\n\t\t\t\t\t\t<div class=\"elementor-element elementor-element-47b90da elementor-widget elementor-widget-text-editor\" data-id=\"47b90da\" data-element_type=\"widget\" data-widget_type=\"text-editor.default\">\n\t\t\t\t<div class=\"elementor-widget-container\">\n\t\t\t\t\t\t\t\t<div class=\"elementor-text-editor elementor-clearfix\">\n\t\t\t\t<p>Wenn Sie per EMail Kontakt zu uns aufnehmen m\u00f6chten, so w\u00e4hlen Sie oben unter &#8222;Kontakt&#8220; oder in dem Auswahlmen\u00fc auf dieser Seite entsprechend aus.\u00a0 Letztlich ist es zwar gleich, ob Sie die Kanzlei in Niedernhausen oder diejenige in Eisenach anschreiben, aber wenn Sie den zum Ort passenden Link ausw\u00e4hlen, kommt die Nachricht direkt in die jeweilige Kanzlei.<\/p>\t\t\t\t\t<\/div>\n\t\t\t\t\t\t<\/div>\n\t\t\t\t<\/div>\n\t\t\t\t\t\t<\/div>\n\t\t\t\t\t<\/div>\n\t\t<\/div>\n\t\t\t\t<div class=\"elementor-column elementor-col-50 elementor-top-column elementor-element elementor-element-3289f0b6\" data-id=\"3289f0b6\" data-element_type=\"column\">\n\t\t\t<div class=\"elementor-column-wrap elementor-element-populated\">\n\t\t\t\t\t\t\t<div class=\"elementor-widget-wrap\">\n\t\t\t\t\t\t<div class=\"elementor-element elementor-element-6c8a6b7 elementor-widget elementor-widget-wp-widget-nav_menu\" data-id=\"6c8a6b7\" data-element_type=\"widget\" data-widget_type=\"wp-widget-nav_menu.default\">\n\t\t\t\t<div class=\"elementor-widget-container\">\n\t\t\t<div class=\"menu-kontakte-container\"><ul id=\"menu-kontakte\" class=\"menu\"><li id=\"menu-item-498\" class=\"menu-item menu-item-type-post_type menu-item-object-page menu-item-498\"><a href=\"https:\/\/www.becker-becker.de\/index.php\/kontakt-buero-niedernhausen\/\">Kontakt B\u00fcro Niedernhausen<\/a><\/li>\n<li id=\"menu-item-499\" class=\"menu-item menu-item-type-post_type menu-item-object-page menu-item-499\"><a href=\"https:\/\/www.becker-becker.de\/index.php\/kontakt\/\">Kontakt B\u00fcro Wetzlar<\/a><\/li>\n<\/ul><\/div>\t\t<\/div>\n\t\t\t\t<\/div>\n\t\t\t\t\t\t<\/div>\n\t\t\t\t\t<\/div>\n\t\t<\/div>\n\t\t\t\t\t\t\t\t<\/div>\n\t\t\t\t\t<\/div>\n\t\t<\/section>\n\t\t\t\t\t\t\t\t\t<\/div>\n\t\t\t<\/div>\n\t\t\t\t\t<\/div>\n\t\t","protected":false},"excerpt":{"rendered":"<p>Wenn Sie per EMail Kontakt zu uns aufnehmen m\u00f6chten, so w\u00e4hlen Sie oben unter &#8222;Kontakt&#8220; oder in dem Auswahlmen\u00fc auf dieser Seite entsprechend aus.\u00a0 Letztlich ist es zwar gleich, ob Sie die Kanzlei in Niedernhausen oder diejenige in Eisenach anschreiben, aber wenn Sie den zum Ort passenden Link ausw\u00e4hlen, kommt die Nachricht direkt in die jeweilige Kanzlei.<\/p>\n","protected":false},"author":1,"featured_media":0,"parent":0,"menu_order":0,"comment_status":"closed","ping_status":"closed","template":"template-fullwidth.php","meta":[],"aioseo_notices":[],"_links":{"self":[{"href":"https:\/\/www.becker-becker.de\/index.php\/wp-json\/wp\/v2\/pages\/486"}],"collection":[{"href":"https:\/\/www.becker-becker.de\/index.php\/wp-json\/wp\/v2\/pages"}],"about":[{"href":"https:\/\/www.becker-becker.de\/index.php\/wp-json\/wp\/v2\/types\/page"}],"author":[{"embeddable":true,"href":"https:\/\/www.becker-becker.de\/index.php\/wp-json\/wp\/v2\/users\/1"}],"replies":[{"embeddable":true,"href":"https:\/\/www.becker-becker.de\/index.php\/wp-json\/wp\/v2\/comments?post=486"}],"version-history":[{"count":3,"href":"https:\/\/www.becker-becker.de\/index.php\/wp-json\/wp\/v2\/pages\/486\/revisions"}],"predecessor-version":[{"id":566,"href":"https:\/\/www.becker-becker.de\/index.php\/wp-json\/wp\/v2\/pages\/486\/revisions\/566"}],"wp:attachment":[{"href":"https:\/\/www.becker-becker.de\/index.php\/wp-json\/wp\/v2\/media?parent=486"}],"curies":[{"name":"wp","href":"https:\/\/api.w.org\/{rel}","templated":true}]}}