{"id":489,"date":"2018-01-19T15:40:54","date_gmt":"2018-01-19T14:40:54","guid":{"rendered":"http:\/\/www.becker-becker.de\/?page_id=489"},"modified":"2018-01-19T15:51:01","modified_gmt":"2018-01-19T14:51:01","slug":"kontakt-buero-niedernhausen","status":"publish","type":"page","link":"https:\/\/www.becker-becker.de\/index.php\/kontakt-buero-niedernhausen\/","title":{"rendered":"Kontakt B\u00fcro Niedernhausen"},"content":{"rendered":"\t\t<div data-elementor-type=\"wp-post\" data-elementor-id=\"489\" class=\"elementor elementor-489 elementor-bc-flex-widget\">\n\t\t\t\t\t\t<div class=\"elementor-inner\">\n\t\t\t\t<div class=\"elementor-section-wrap\">\n\t\t\t\t\t\t\t\t\t<section class=\"elementor-section elementor-top-section elementor-element elementor-element-1a05a407 elementor-section-full_width elementor-section-height-default elementor-section-height-default\" data-id=\"1a05a407\" data-element_type=\"section\">\n\t\t\t\t\t\t<div class=\"elementor-container elementor-column-gap-default\">\n\t\t\t\t\t\t\t<div class=\"elementor-row\">\n\t\t\t\t\t<div class=\"elementor-column elementor-col-50 elementor-top-column elementor-element elementor-element-68954871\" data-id=\"68954871\" data-element_type=\"column\">\n\t\t\t<div class=\"elementor-column-wrap elementor-element-populated\">\n\t\t\t\t\t\t\t<div class=\"elementor-widget-wrap\">\n\t\t\t\t\t\t<div class=\"elementor-element elementor-element-9d5ef8f elementor-widget elementor-widget-text-editor\" data-id=\"9d5ef8f\" data-element_type=\"widget\" data-widget_type=\"text-editor.default\">\n\t\t\t\t<div class=\"elementor-widget-container\">\n\t\t\t\t\t\t\t\t<div class=\"elementor-text-editor elementor-clearfix\">\n\t\t\t\t<p>Mit diesem Mail-Formular k\u00f6nnen Sie uns anschreiben. Wir werden uns bem\u00fchen, so schnell, wie m\u00f6glich auf die Sache zur\u00fcckzukommen. Geben Sie m\u00f6glichst Ihre Telefonnummer an, damit wir erforderlichenfalls zur\u00fcckrufen k\u00f6nnen. Die abgefragte Zahl dient dem Schutz vor Spam, wir bitten um Verst\u00e4ndnis.<\/p>\t\t\t\t\t<\/div>\n\t\t\t\t\t\t<\/div>\n\t\t\t\t<\/div>\n\t\t\t\t\t\t<\/div>\n\t\t\t\t\t<\/div>\n\t\t<\/div>\n\t\t\t\t<div class=\"elementor-column elementor-col-50 elementor-top-column elementor-element elementor-element-b56587b\" data-id=\"b56587b\" data-element_type=\"column\">\n\t\t\t<div class=\"elementor-column-wrap\">\n\t\t\t\t\t\t\t<div class=\"elementor-widget-wrap\">\n\t\t\t\t\t\t\t\t<\/div>\n\t\t\t\t\t<\/div>\n\t\t<\/div>\n\t\t\t\t\t\t\t\t<\/div>\n\t\t\t\t\t<\/div>\n\t\t<\/section>\n\t\t\t\t<section class=\"elementor-section elementor-top-section elementor-element elementor-element-2e233a36 elementor-section-full_width elementor-section-height-default elementor-section-height-default\" data-id=\"2e233a36\" data-element_type=\"section\" data-settings=\"{&quot;background_background&quot;:&quot;classic&quot;}\">\n\t\t\t\t\t\t<div class=\"elementor-container elementor-column-gap-default\">\n\t\t\t\t\t\t\t<div class=\"elementor-row\">\n\t\t\t\t\t<div class=\"elementor-column elementor-col-50 elementor-top-column elementor-element elementor-element-49c4f18e\" data-id=\"49c4f18e\" data-element_type=\"column\">\n\t\t\t<div class=\"elementor-column-wrap elementor-element-populated\">\n\t\t\t\t\t\t\t<div class=\"elementor-widget-wrap\">\n\t\t\t\t\t\t<div class=\"elementor-element elementor-element-1ce620ec elementor-widget elementor-widget-text-editor\" data-id=\"1ce620ec\" data-element_type=\"widget\" data-widget_type=\"text-editor.default\">\n\t\t\t\t<div class=\"elementor-widget-container\">\n\t\t\t\t\t\t\t\t<div class=\"elementor-text-editor elementor-clearfix\">\n\t\t\t\t<form id=\"vscf\" class=\"vscf-shortcode\" method=\"post\">\r\n\t<div class=\"form-group vscf-name-group\">\r\n\t\t<label for=\"vscf_name\" class=\"vscf-label\">Name <\/label>\r\n\t\t<input type=\"text\" name=\"vscf_name\" id=\"vscf_name\"  class=\"form-control\" placeholder=\"\" value=\"\" aria-required=\"true\" \/>\r\n\t\t\r\n\t<\/div>\r\n\t<div class=\"form-group vscf-email-group\">\r\n\t\t<label for=\"vscf_email\" class=\"vscf-label\">E-Mail <\/label>\r\n\t\t<input type=\"email\" name=\"vscf_email\" id=\"vscf_email\"  class=\"form-control\" placeholder=\"\" value=\"\" aria-required=\"true\" \/>\r\n\t\t\r\n\t<\/div>\r\n\t\r\n\t\t<div class=\"form-group vscf-subject-group\">\r\n\t\t\t<label for=\"vscf_subject\" class=\"vscf-label\">Betreff <\/label>\r\n\t\t\t<input type=\"text\" name=\"vscf_subject\" id=\"vscf_subject\"  class=\"form-control\" placeholder=\"\" value=\"\" aria-required=\"true\" \/>\r\n\t\t\t\r\n\t\t<\/div>\r\n\t\r\n\t\r\n\t\t<div class=\"form-group vscf-sum-group\">\r\n\t\t\t<label for=\"vscf_sum\" class=\"vscf-label\">1 + 4 =<\/label>\r\n\t\t\t<input type=\"text\" name=\"vscf_sum\" id=\"vscf_sum\"  class=\"form-control\" placeholder=\"\" value=\"\" aria-required=\"true\" \/>\r\n\t\t\t<input type=\"hidden\" name=\"vscf_sum_hidden\" id=\"vscf_sum_hidden\" value=\"MTIwOTc4MTUyOTM0\" \/>\r\n\t\t\t\r\n\t\t<\/div>\t\r\n\t\r\n\t<div class=\"form-group vscf-hide\">\r\n\t\t<label for=\"vscf_first_name\">Please ignore this field<\/label>\r\n\t\t<input type=\"text\" name=\"vscf_first_name\" id=\"vscf_first_name\" class=\"form-control\" tabindex=\"-1\" value=\"\" \/>\r\n\t<\/div>\r\n\t<div class=\"form-group vscf-hide\">\r\n\t\t<label for=\"vscf_last_name\">Please ignore this field<\/label>\r\n\t\t<input type=\"text\" name=\"vscf_last_name\" id=\"vscf_last_name\" class=\"form-control\" tabindex=\"-1\" value=\"\" \/>\r\n\t<\/div>\r\n\t<div class=\"form-group vscf-message-group\">\r\n\t\t<label for=\"vscf_message\" class=\"vscf-label\">Mitteilung <\/label>\r\n\t\t<textarea name=\"vscf_message\" id=\"vscf_message\" rows=\"10\"  class=\"form-control\" placeholder=\"\" aria-required=\"true\"><\/textarea>\r\n\t\t\r\n\t<\/div>\r\n\t<div class=\"form-group vscf-display-none\">\r\n\t\t<input type=\"hidden\" name=\"vscf_token\" id=\"vscf_token\" class=\"form-control\" value=\"MTc3NzU2OTk1Mw==\" \/>\r\n\t<\/div>\r\n\t\r\n\t\t<div class=\"form-group vscf-privacy-group\">\r\n\t\t\t<input type=\"hidden\" name=\"vscf_privacy\" id=\"vscf_privacy_hidden\" value=\"no\" \/>\r\n\t\t\t<input type=\"checkbox\" name=\"vscf_privacy\" id=\"vscf_privacy\" class=\"custom-control-input\" value=\"yes\"  \/>\r\n\t\t\t<label for=\"vscf_privacy\">Ich bin damit einverstanden, dass diese Web-Site meine pers\u00f6nlichen Daten mit diesem Formular sammelt.<\/label>\r\n\t\t\t\r\n\t\t<\/div>\r\n\t\r\n\t<div class=\"form-group vscf-display-none\">\r\n\t\t<input type=\"hidden\" id=\"vscf_nonce\" name=\"vscf_nonce\" value=\"464436a239\" \/><input type=\"hidden\" name=\"_wp_http_referer\" value=\"\/index.php\/wp-json\/wp\/v2\/pages\/489\" \/>\r\n\t<\/div>\r\n\t<div class=\"form-group vscf-submit-group\">\r\n\t\t<button type=\"submit\" name=\"vscf_send\" id=\"vscf_send\" class=\"btn btn-primary\">Senden<\/button>\r\n\t<\/div>\r\n\t\r\n\t\r\n\t\r\n<\/form>\t\t\t\t\t<\/div>\n\t\t\t\t\t\t<\/div>\n\t\t\t\t<\/div>\n\t\t\t\t\t\t<\/div>\n\t\t\t\t\t<\/div>\n\t\t<\/div>\n\t\t\t\t<div class=\"elementor-column elementor-col-50 elementor-top-column elementor-element elementor-element-77bf98e\" data-id=\"77bf98e\" data-element_type=\"column\">\n\t\t\t<div class=\"elementor-column-wrap\">\n\t\t\t\t\t\t\t<div class=\"elementor-widget-wrap\">\n\t\t\t\t\t\t\t\t<\/div>\n\t\t\t\t\t<\/div>\n\t\t<\/div>\n\t\t\t\t\t\t\t\t<\/div>\n\t\t\t\t\t<\/div>\n\t\t<\/section>\n\t\t\t\t\t\t\t\t\t<\/div>\n\t\t\t<\/div>\n\t\t\t\t\t<\/div>\n\t\t","protected":false},"excerpt":{"rendered":"<p>Mit diesem Mail-Formular k\u00f6nnen Sie uns anschreiben. Wir werden uns bem\u00fchen, so schnell, wie m\u00f6glich auf die Sache zur\u00fcckzukommen. Geben Sie m\u00f6glichst Ihre Telefonnummer an, damit wir erforderlichenfalls zur\u00fcckrufen k\u00f6nnen. Die abgefragte Zahl dient dem Schutz vor Spam, wir bitten um Verst\u00e4ndnis.<\/p>\n","protected":false},"author":1,"featured_media":0,"parent":0,"menu_order":0,"comment_status":"closed","ping_status":"closed","template":"template-fullwidth.php","meta":[],"aioseo_notices":[],"_links":{"self":[{"href":"https:\/\/www.becker-becker.de\/index.php\/wp-json\/wp\/v2\/pages\/489"}],"collection":[{"href":"https:\/\/www.becker-becker.de\/index.php\/wp-json\/wp\/v2\/pages"}],"about":[{"href":"https:\/\/www.becker-becker.de\/index.php\/wp-json\/wp\/v2\/types\/page"}],"author":[{"embeddable":true,"href":"https:\/\/www.becker-becker.de\/index.php\/wp-json\/wp\/v2\/users\/1"}],"replies":[{"embeddable":true,"href":"https:\/\/www.becker-becker.de\/index.php\/wp-json\/wp\/v2\/comments?post=489"}],"version-history":[{"count":4,"href":"https:\/\/www.becker-becker.de\/index.php\/wp-json\/wp\/v2\/pages\/489\/revisions"}],"predecessor-version":[{"id":497,"href":"https:\/\/www.becker-becker.de\/index.php\/wp-json\/wp\/v2\/pages\/489\/revisions\/497"}],"wp:attachment":[{"href":"https:\/\/www.becker-becker.de\/index.php\/wp-json\/wp\/v2\/media?parent=489"}],"curies":[{"name":"wp","href":"https:\/\/api.w.org\/{rel}","templated":true}]}}